{"id":1516,"date":"2020-07-21T16:35:32","date_gmt":"2020-07-21T16:35:32","guid":{"rendered":"https:\/\/biehl-gruppe.de\/?page_id=1516"},"modified":"2020-08-17T15:26:11","modified_gmt":"2020-08-17T15:26:11","slug":"wohnen-in-muenchen-gmbh-2","status":"publish","type":"page","link":"https:\/\/biehl-gruppe.de\/index.php\/wohnen-in-muenchen-gmbh-2\/","title":{"rendered":"Wohnen in M\u00fcnchen GmbH"},"content":{"rendered":"<div class=\"fusion-fullwidth fullwidth-box fusion-builder-row-1 nonhundred-percent-fullwidth non-hundred-percent-height-scrolling\" style=\"--awb-border-sizes-top:0px;--awb-border-sizes-bottom:0px;--awb-border-sizes-left:0px;--awb-border-sizes-right:0px;--awb-border-radius-top-left:0px;--awb-border-radius-top-right:0px;--awb-border-radius-bottom-right:0px;--awb-border-radius-bottom-left:0px;--awb-flex-wrap:wrap;\" ><div class=\"fusion-builder-row fusion-row\"><div class=\"fusion-layout-column fusion_builder_column fusion-builder-column-0 fusion_builder_column_1_1 1_1 fusion-one-full fusion-column-first fusion-column-last fusion-animated\" style=\"--awb-bg-size:cover;\" data-animationType=\"slideInLeft\" data-animationDuration=\"0.3\" data-animationOffset=\"top-into-view\"><div class=\"fusion-column-wrapper fusion-column-has-shadow fusion-flex-column-wrapper-legacy\"><div class=\"fusion-column-content-centered\"><div class=\"fusion-column-content\"><div class=\"fusion-title title fusion-title-1 fusion-sep-none fusion-title-text fusion-title-size-one\" style=\"--awb-margin-top-small:0px;--awb-margin-right-small:0px;--awb-margin-bottom-small:20px;--awb-margin-left-small:0px;\"><h1 class=\"fusion-title-heading title-heading-left fusion-responsive-typography-calculated\" style=\"margin:0;--fontSize:60;line-height:1;\">Wohnimmobilien in M\u00fcnchen<\/h1><\/div><div class=\"fusion-text fusion-text-1\"><p>Seit Jahren geh\u00f6ren Wohnh\u00e4user zu den werthaltigsten Immobilien, insbesondere die Metropolregion M\u00fcnchen bietet hier einen wirtschafststarken Background f\u00fcr den Wohnungsbau. Die Biehl Gruppe verwaltet in der Region M\u00fcnchen mehrere Wohnh\u00e4user.<\/p>\n<\/div><div class=\"fusion-sep-clear\"><\/div><div class=\"fusion-separator fusion-has-icon fusion-full-width-sep\" style=\"margin-left: auto;margin-right: auto;margin-top:15px;margin-bottom:15px;width:100%;\"><div class=\"fusion-separator-border sep-shadow\" style=\"--awb-height:20px;--awb-amount:20px;background:radial-gradient(ellipse at 50% -50% , #e0dede 0px, rgba(255, 255, 255, 0) 80%) repeat scroll 0 0 rgba(0, 0, 0, 0);background:-webkit-radial-gradient(ellipse at 50% -50% , #e0dede 0px, rgba(255, 255, 255, 0) 80%) repeat scroll 0 0 rgba(0, 0, 0, 0);background:-moz-radial-gradient(ellipse at 50% -50% , #e0dede 0px, rgba(255, 255, 255, 0) 80%) repeat scroll 0 0 rgba(0, 0, 0, 0);background:-o-radial-gradient(ellipse at 50% -50% , #e0dede 0px, rgba(255, 255, 255, 0) 80%) repeat scroll 0 0 rgba(0, 0, 0, 0);\"><\/div><span class=\"icon-wrapper\" style=\"border-color:#e0dede;background-color:rgba(255,255,255,0);font-size:15px;width: 1.75em; height: 1.75em;border-width:1px;padding:1px;\"><i class=\"fa-angle-down fas\" style=\"font-size: inherit;color:#e0dede;\" aria-hidden=\"true\"><\/i><\/span><div class=\"fusion-separator-border sep-shadow\" style=\"--awb-height:20px;--awb-amount:20px;background:radial-gradient(ellipse at 50% -50% , #e0dede 0px, rgba(255, 255, 255, 0) 80%) repeat scroll 0 0 rgba(0, 0, 0, 0);background:-webkit-radial-gradient(ellipse at 50% -50% , #e0dede 0px, rgba(255, 255, 255, 0) 80%) repeat scroll 0 0 rgba(0, 0, 0, 0);background:-moz-radial-gradient(ellipse at 50% -50% , #e0dede 0px, rgba(255, 255, 255, 0) 80%) repeat scroll 0 0 rgba(0, 0, 0, 0);background:-o-radial-gradient(ellipse at 50% -50% , #e0dede 0px, rgba(255, 255, 255, 0) 80%) repeat scroll 0 0 rgba(0, 0, 0, 0);\"><\/div><\/div><div class=\"fusion-sep-clear\"><\/div><div class=\"fusion-flip-boxes flip-boxes row fusion-columns-6 flip-effect-classic equal-heights wim_flipbox\"><div class=\"fusion-flip-box-wrapper fusion-column col-lg-2 col-md-2 col-sm-2\"><div class=\"fusion-flip-box flip-right\" tabindex=\"0\"><div class=\"flip-box-inner-wrapper\"><div class=\"flip-box-front\" style=\"--awb-title-front-color:#000000;--awb-text-front-color:#dbdbdb;--awb-background-image-front:url(&#039;https:\/\/biehl-gruppe.de\/wp-content\/uploads\/2019\/08\/goerzer_slider_02.jpg&#039;);\"><div class=\"flip-box-front-inner\"><h2 class=\"flip-box-heading without-text\">G\u00f6rzer Stra\u00dfe<\/h2><\/div><\/div><div class=\"flip-box-back\"><div class=\"flip-box-back-inner\"><h3 class=\"flip-box-heading-back\">Wohnhaus<\/h3>\n<p>zwei Wohnh\u00e4user mit 22 Wohnungen und Tiefgarage. Fertigstellung 2008<\/p>\n<div class=\"fusion-button-wrapper\"><a class=\"fusion-button button-flat fusion-button-default-size button-default fusion-button-default button-1 fusion-button-default-span fusion-button-default-type\" target=\"_self\" href=\"https:\/\/biehl-gruppe.de\/index.php\/goerzer-strasse\/\"><span class=\"fusion-button-text awb-button__text awb-button__text--default\">Weitere Informationen<\/span><\/a><\/div>\n<\/div><\/div><\/div><\/div><\/div><div class=\"fusion-flip-box-wrapper fusion-column col-lg-2 col-md-2 col-sm-2\"><div class=\"fusion-flip-box flip-right\" tabindex=\"0\"><div class=\"flip-box-inner-wrapper\"><div class=\"flip-box-front\" style=\"--awb-background-image-front:url(&#039;https:\/\/biehl-gruppe.de\/wp-content\/uploads\/2020\/07\/HEN_virtuell_1.jpg&#039;);\"><div class=\"flip-box-front-inner\"><h2 class=\"flip-box-heading without-text\">Henschel- stra\u00dfe<\/h2><\/div><\/div><div class=\"flip-box-back\"><div class=\"flip-box-back-inner\">\n<p>Boardinghouse mit 48 Zimmern und Tiefgarage. Fertigstellung 2021<\/p>\n<div class=\"fusion-button-wrapper\"><a class=\"fusion-button button-flat fusion-button-default-size button-default fusion-button-default button-2 fusion-button-default-span fusion-button-default-type\" target=\"_self\" href=\"https:\/\/biehl-gruppe.de\/index.php\/boardinghouse-henschelstrasse\/\"><span class=\"fusion-button-text awb-button__text awb-button__text--default\">Weitere Informationen<\/span><\/a><\/div>\n<\/div><\/div><\/div><\/div><\/div><div class=\"fusion-flip-box-wrapper fusion-column col-lg-2 col-md-2 col-sm-2\"><div class=\"fusion-flip-box flip-right\" tabindex=\"0\"><div class=\"flip-box-inner-wrapper\"><div class=\"flip-box-front\" style=\"--awb-background-image-front:url(&#039;https:\/\/biehl-gruppe.de\/wp-content\/uploads\/2019\/08\/pag_slider_02_q.jpg&#039;);\"><div class=\"flip-box-front-inner\"><h2 class=\"flip-box-heading without-text\">Paganini- stra\u00dfe<\/h2><\/div><\/div><div class=\"flip-box-back\"><div class=\"flip-box-back-inner\">\n<p>Wohnhaus mit 8 Wohnungen. Fertigstellung 2008<\/p>\n<div class=\"fusion-button-wrapper\"><a class=\"fusion-button button-flat fusion-button-default-size button-default fusion-button-default button-3 fusion-button-default-span fusion-button-default-type\" target=\"_self\" href=\"https:\/\/biehl-gruppe.de\/index.php\/paganinistrasse\/\"><span class=\"fusion-button-text awb-button__text awb-button__text--default\">Weitere Informationen<\/span><\/a><\/div>\n<\/div><\/div><\/div><\/div><\/div><div class=\"fusion-flip-box-wrapper fusion-column col-lg-2 col-md-2 col-sm-2\"><div class=\"fusion-flip-box flip-right\" tabindex=\"0\"><div class=\"flip-box-inner-wrapper\"><div class=\"flip-box-front\" style=\"--awb-background-image-front:url(&#039;https:\/\/biehl-gruppe.de\/wp-content\/uploads\/2019\/08\/bro_slider_01_q.jpg&#039;);\"><div class=\"flip-box-front-inner\"><h2 class=\"flip-box-heading without-text\">Max-Nadler-Stra\u00dfe<\/h2><\/div><\/div><div class=\"flip-box-back\"><div class=\"flip-box-back-inner\">\n<p>Wohnhaus mit 20 Wohnungen und Tiefgarage. Fertigstellung 2006<\/p>\n<div class=\"fusion-button-wrapper\"><a class=\"fusion-button button-flat fusion-button-default-size button-default fusion-button-default button-4 fusion-button-default-span fusion-button-default-type\" target=\"_self\" href=\"https:\/\/biehl-gruppe.de\/index.php\/max-nadler-strasse\/\"><span class=\"fusion-button-text awb-button__text awb-button__text--default\">Weitere Informationen<\/span><\/a><\/div>\n<\/div><\/div><\/div><\/div><\/div><div class=\"fusion-flip-box-wrapper fusion-column col-lg-2 col-md-2 col-sm-2\"><div class=\"fusion-flip-box flip-right\" tabindex=\"0\"><div class=\"flip-box-inner-wrapper\"><div class=\"flip-box-front\" style=\"--awb-background-image-front:url(&#039;https:\/\/biehl-gruppe.de\/wp-content\/uploads\/2019\/08\/mit_slider_05.jpg&#039;);\"><div class=\"flip-box-front-inner\"><h2 class=\"flip-box-heading without-text\">Mittbacher Stra\u00dfe<\/h2><\/div><\/div><div class=\"flip-box-back\"><div class=\"flip-box-back-inner\">\n<p>Wohnhaus mit 50 Wohnungen und Tiefgarage. Fertigstellung 2013<\/p>\n<div class=\"fusion-button-wrapper\"><a class=\"fusion-button button-flat fusion-button-default-size button-default fusion-button-default button-5 fusion-button-default-span fusion-button-default-type\" target=\"_self\" href=\"https:\/\/biehl-gruppe.de\/index.php\/mittbacher-strasse\/\"><span class=\"fusion-button-text awb-button__text awb-button__text--default\">Weitere Informationen<\/span><\/a><\/div>\n<\/div><\/div><\/div><\/div><\/div><div class=\"fusion-flip-box-wrapper fusion-column col-lg-2 col-md-2 col-sm-2\"><div class=\"fusion-flip-box flip-right\" tabindex=\"0\"><div class=\"flip-box-inner-wrapper\"><div class=\"flip-box-front\" style=\"--awb-background-image-front:url(&#039;https:\/\/biehl-gruppe.de\/wp-content\/uploads\/2019\/08\/nhb_slider_02.jpg&#039;);\"><div class=\"flip-box-front-inner\"><h2 class=\"flip-box-heading without-text\">Neuherberg-stra\u00dfe<\/h2><\/div><\/div><div class=\"flip-box-back\"><div class=\"flip-box-back-inner\">\n<p>Wohnhaus mit 20 Wohnungen und Tiefgarage. Fertigstellung 2009<\/p>\n<div class=\"fusion-button-wrapper\"><a class=\"fusion-button button-flat fusion-button-default-size button-default fusion-button-default button-6 fusion-button-default-span fusion-button-default-type\" target=\"_self\" href=\"https:\/\/biehl-gruppe.de\/index.php\/neuherbergstrasse\/\"><span class=\"fusion-button-text awb-button__text awb-button__text--default\">Weitere Informationen<\/span><\/a><\/div>\n<\/div><\/div><\/div><\/div><\/div><\/div><div class=\"clearfix\"><\/div><div class=\"fusion-sep-clear\"><\/div><div class=\"fusion-separator fusion-has-icon fusion-full-width-sep\" style=\"margin-left: auto;margin-right: auto;margin-top:15px;margin-bottom:15px;width:100%;\"><div class=\"fusion-separator-border sep-shadow\" style=\"--awb-height:20px;--awb-amount:20px;background:radial-gradient(ellipse at 50% -50% , #e0dede 0px, rgba(255, 255, 255, 0) 80%) repeat scroll 0 0 rgba(0, 0, 0, 0);background:-webkit-radial-gradient(ellipse at 50% -50% , #e0dede 0px, rgba(255, 255, 255, 0) 80%) repeat scroll 0 0 rgba(0, 0, 0, 0);background:-moz-radial-gradient(ellipse at 50% -50% , #e0dede 0px, rgba(255, 255, 255, 0) 80%) repeat scroll 0 0 rgba(0, 0, 0, 0);background:-o-radial-gradient(ellipse at 50% -50% , #e0dede 0px, rgba(255, 255, 255, 0) 80%) repeat scroll 0 0 rgba(0, 0, 0, 0);\"><\/div><span class=\"icon-wrapper\" style=\"border-color:#e0dede;background-color:rgba(255,255,255,0);font-size:15px;width: 1.75em; height: 1.75em;border-width:0px;padding:0px;\"><i class=\"fa-angle-down fas\" style=\"font-size: inherit;color:#e0dede;\" aria-hidden=\"true\"><\/i><\/span><div class=\"fusion-separator-border sep-shadow\" style=\"--awb-height:20px;--awb-amount:20px;background:radial-gradient(ellipse at 50% -50% , #e0dede 0px, rgba(255, 255, 255, 0) 80%) repeat scroll 0 0 rgba(0, 0, 0, 0);background:-webkit-radial-gradient(ellipse at 50% -50% , #e0dede 0px, rgba(255, 255, 255, 0) 80%) repeat scroll 0 0 rgba(0, 0, 0, 0);background:-moz-radial-gradient(ellipse at 50% -50% , #e0dede 0px, rgba(255, 255, 255, 0) 80%) repeat scroll 0 0 rgba(0, 0, 0, 0);background:-o-radial-gradient(ellipse at 50% -50% , #e0dede 0px, rgba(255, 255, 255, 0) 80%) repeat scroll 0 0 rgba(0, 0, 0, 0);\"><\/div><\/div><div class=\"fusion-sep-clear\"><\/div>\t\t\t\t\t<script type=\"text\/javascript\">\n\t\t\t\t\t\tvar map_fusion_map_69e7659e04c5a;\n\t\t\t\t\t\tvar markers = [];\n\t\t\t\t\t\tvar counter = 0;\n\t\t\t\t\t\t\t\t\t\t\t\t\t\t\t\t\t\t\t\tvar fusionMapNonce = '6e3b3d5d3e';\n\t\t\t\t\t\t\t\t\t\t\t\tfunction fusion_run_map_fusion_map_69e7659e04c5a() {\n\t\t\t\t\t\t\tjQuery ('#fusion_map_69e7659e04c5a' ).fusion_maps( {\n\t\t\t\t\t\t\t\taddresses: [{\"address\":\"Mittbacher Stra\\u00dfe 15, M\\u00fcnchen\",\"infobox_content\":\"<center><a style=\\\"color:black;\\\" href=\\\"https:\\\/\\\/biehl-gruppe.de\\\/index.php\\\/mittbacher-strasse\\\/\\\">Bitte klicken Sie hier f\\u00fcr weitere Informationen zur Mittbacher Stra\\u00dfe<\\\/a><\\\/center>\",\"marker\":\"https:\\\/\\\/biehl-gruppe.de\\\/wp-content\\\/uploads\\\/2020\\\/07\\\/schild_mittbacherstrasse.png\",\"coordinates\":false,\"cache\":true,\"latitude\":\"48.1435154\",\"longitude\":\"11.6782091\"},{\"address\":\"Paganinistra\\u00dfe M\\u00fcnchen\",\"infobox_content\":\"<center><a style=\\\"color:black;\\\" href=\\\"https:\\\/\\\/biehl-gruppe.de\\\/index.php\\\/paganinistrasse\\\/\\\">Bitte klicken Sie hier f\\u00fcr weitere Informationen zur Paganinistra\\u00dfe<\\\/a><\\\/center>\",\"marker\":\"https:\\\/\\\/biehl-gruppe.de\\\/wp-content\\\/uploads\\\/2020\\\/07\\\/schild_paganinistrasse.png\",\"coordinates\":false,\"cache\":true,\"latitude\":\"48.1625165\",\"longitude\":\"11.471342\"},{\"address\":\"G\\u00f6rzer Stra\\u00dfe 121, 121a, 121b \\u2013 81549 M\\u00fcnchen\",\"infobox_content\":\"<center><a style=\\\"color:black;\\\" href=\\\"https:\\\/\\\/biehl-gruppe.de\\\/index.php\\\/goerzer-strasse\\\/\\\">Bitte klicken Sie hier f\\u00fcr weitere Informationen zur G\\u00f6rzer Stra\\u00dfe<\\\/a><\\\/center>\",\"marker\":\"https:\\\/\\\/biehl-gruppe.de\\\/wp-content\\\/uploads\\\/2020\\\/07\\\/schild_goerzerstrasse.png\",\"coordinates\":false,\"cache\":true,\"latitude\":\"48.10011\",\"longitude\":\"11.61015\"},{\"address\":\"Max-Nadler-Stra\\u00dfe 4-8 \\u2013 81829 M\\u00fcnchen\",\"infobox_content\":\"<center><a style=\\\"color:black;\\\" href=\\\"https:\\\/\\\/biehl-gruppe.de\\\/index.php\\\/max-nadler-strasse\\\/\\\">Bitte klicken Sie hier f\\u00fcr weitere Informationen zur Max-Nadler Stra\\u00dfe<\\\/a><\\\/center>\",\"marker\":\"https:\\\/\\\/biehl-gruppe.de\\\/wp-content\\\/uploads\\\/2020\\\/07\\\/schild_maxnadlerstrasse.png\",\"coordinates\":false,\"cache\":true,\"latitude\":\"48.1554449\",\"longitude\":\"11.6525097\"},{\"address\":\"Golddistelanger 3 \\u2013 80937 M\\u00fcnchen\",\"infobox_content\":\"<center><a style=\\\"color:black;\\\" href=\\\"https:\\\/\\\/biehl-gruppe.de\\\/index.php\\\/neuherbergstrasse\\\/\\\">Bitte klicken Sie hier f\\u00fcr weitere Informationen zur Neuherbergstra\\u00dfe<\\\/a><\\\/center>\",\"marker\":\"https:\\\/\\\/biehl-gruppe.de\\\/wp-content\\\/uploads\\\/2020\\\/07\\\/schild_neuherbergstrasse.png\",\"coordinates\":false,\"cache\":true,\"latitude\":\"48.2093621\",\"longitude\":\"11.5655457\"},{\"address\":\"Federseestra\\u00dfe 3, 81249 M\\u00fcnchen\",\"infobox_content\":\"<center><a style=\\\"color:black;\\\" href=\\\"https:\\\/\\\/biehl-gruppe.de\\\/index.php\\\/boardinghouse-henschelstrasse\\\/\\\">Bitte klicken Sie hier f\\u00fcr weitere Informationen zur Henschelstra\\u00dfe<\\\/a><\\\/center>\",\"marker\":\"https:\\\/\\\/biehl-gruppe.de\\\/wp-content\\\/uploads\\\/2020\\\/07\\\/schild_henschelstrasse.png\",\"coordinates\":false,\"cache\":true,\"latitude\":\"48.1772694\",\"longitude\":\"11.405813\"},{\"address\":\"\",\"infobox_content\":\"\",\"coordinates\":false,\"cache\":false}],\n\t\t\t\t\t\t\t\tanimations: true,\n\t\t\t\t\t\t\t\tinfobox_background_color: '#ffffff',\n\t\t\t\t\t\t\t\tinfobox_styling: 'custom',\n\t\t\t\t\t\t\t\tinfobox_text_color: '#000000',\n\t\t\t\t\t\t\t\tmap_style: 'custom',\n\t\t\t\t\t\t\t\tmap_type: 'roadmap',\n\t\t\t\t\t\t\t\tmarker_icon: 'https:\/\/biehl-gruppe.de\/wp-content\/uploads\/2020\/07\/schild_mittbacherstrasse.png|https:\/\/biehl-gruppe.de\/wp-content\/uploads\/2020\/07\/schild_paganinistrasse.png|https:\/\/biehl-gruppe.de\/wp-content\/uploads\/2020\/07\/schild_goerzerstrasse.png|https:\/\/biehl-gruppe.de\/wp-content\/uploads\/2020\/07\/schild_maxnadlerstrasse.png|https:\/\/biehl-gruppe.de\/wp-content\/uploads\/2020\/07\/schild_neuherbergstrasse.png|https:\/\/biehl-gruppe.de\/wp-content\/uploads\/2020\/07\/schild_henschelstrasse.png',\n\t\t\t\t\t\t\t\toverlay_color: '',\n\t\t\t\t\t\t\t\toverlay_color_hsl: {\"hue\":0,\"sat\":0,\"lum\":100},\n\t\t\t\t\t\t\t\tshow_address: false,\n\t\t\t\t\t\t\t\tscale_control: true,\n\t\t\t\t\t\t\t\tscrollwheel: false,\n\t\t\t\t\t\t\t\tzoom: 11,\n\t\t\t\t\t\t\t\tzoom_control: false,\n\t\t\t\t\t\t\t} );\n\t\t\t\t\t\t}\n\n\t\t\t\t\t\tgoogle.maps.event.addDomListener(window, 'load', fusion_run_map_fusion_map_69e7659e04c5a);\n\t\t\t\t\t<\/script>\n\t\t\t\t\t<div class=\"shortcode-map fusion-google-map fusion-maps-js-type\" style=\"--awb-height:500px;\" id=\"fusion_map_69e7659e04c5a\"><\/div><\/div><\/div><div class=\"fusion-clearfix\"><\/div><\/div><\/div><\/div><\/div>\n","protected":false},"excerpt":{"rendered":"","protected":false},"author":1,"featured_media":0,"parent":0,"menu_order":0,"comment_status":"closed","ping_status":"closed","template":"","meta":{"footnotes":""},"class_list":["post-1516","page","type-page","status-publish","hentry"],"yoast_head":"<!-- This site is optimized with the Yoast SEO plugin v27.4 - https:\/\/yoast.com\/product\/yoast-seo-wordpress\/ -->\n<title>Wohnen in M\u00fcnchen GmbH - Biehl Gruppe<\/title>\n<meta name=\"robots\" content=\"index, follow, max-snippet:-1, max-image-preview:large, max-video-preview:-1\" \/>\n<link rel=\"canonical\" href=\"https:\/\/biehl-gruppe.de\/index.php\/wohnen-in-muenchen-gmbh-2\/\" \/>\n<meta property=\"og:locale\" content=\"de_DE\" \/>\n<meta property=\"og:type\" content=\"article\" \/>\n<meta property=\"og:title\" content=\"Wohnen in M\u00fcnchen GmbH - Biehl Gruppe\" \/>\n<meta property=\"og:url\" content=\"https:\/\/biehl-gruppe.de\/index.php\/wohnen-in-muenchen-gmbh-2\/\" \/>\n<meta property=\"og:site_name\" content=\"Biehl Gruppe\" \/>\n<meta property=\"article:modified_time\" content=\"2020-08-17T15:26:11+00:00\" \/>\n<meta name=\"twitter:card\" content=\"summary_large_image\" \/>\n<meta name=\"twitter:label1\" content=\"Gesch\u00e4tzte Lesezeit\" \/>\n\t<meta name=\"twitter:data1\" content=\"11\u00a0Minuten\" \/>\n<script type=\"application\/ld+json\" class=\"yoast-schema-graph\">{\"@context\":\"https:\\\/\\\/schema.org\",\"@graph\":[{\"@type\":\"WebPage\",\"@id\":\"https:\\\/\\\/biehl-gruppe.de\\\/index.php\\\/wohnen-in-muenchen-gmbh-2\\\/\",\"url\":\"https:\\\/\\\/biehl-gruppe.de\\\/index.php\\\/wohnen-in-muenchen-gmbh-2\\\/\",\"name\":\"Wohnen in M\u00fcnchen GmbH - Biehl Gruppe\",\"isPartOf\":{\"@id\":\"https:\\\/\\\/biehl-gruppe.de\\\/#website\"},\"datePublished\":\"2020-07-21T16:35:32+00:00\",\"dateModified\":\"2020-08-17T15:26:11+00:00\",\"breadcrumb\":{\"@id\":\"https:\\\/\\\/biehl-gruppe.de\\\/index.php\\\/wohnen-in-muenchen-gmbh-2\\\/#breadcrumb\"},\"inLanguage\":\"de\",\"potentialAction\":[{\"@type\":\"ReadAction\",\"target\":[\"https:\\\/\\\/biehl-gruppe.de\\\/index.php\\\/wohnen-in-muenchen-gmbh-2\\\/\"]}]},{\"@type\":\"BreadcrumbList\",\"@id\":\"https:\\\/\\\/biehl-gruppe.de\\\/index.php\\\/wohnen-in-muenchen-gmbh-2\\\/#breadcrumb\",\"itemListElement\":[{\"@type\":\"ListItem\",\"position\":1,\"name\":\"Home\",\"item\":\"https:\\\/\\\/biehl-gruppe.de\\\/\"},{\"@type\":\"ListItem\",\"position\":2,\"name\":\"Wohnen in M\u00fcnchen GmbH\"}]},{\"@type\":\"WebSite\",\"@id\":\"https:\\\/\\\/biehl-gruppe.de\\\/#website\",\"url\":\"https:\\\/\\\/biehl-gruppe.de\\\/\",\"name\":\"Biehl Gruppe\",\"description\":\"Immobilienverwaltung\",\"publisher\":{\"@id\":\"https:\\\/\\\/biehl-gruppe.de\\\/#organization\"},\"potentialAction\":[{\"@type\":\"SearchAction\",\"target\":{\"@type\":\"EntryPoint\",\"urlTemplate\":\"https:\\\/\\\/biehl-gruppe.de\\\/?s={search_term_string}\"},\"query-input\":{\"@type\":\"PropertyValueSpecification\",\"valueRequired\":true,\"valueName\":\"search_term_string\"}}],\"inLanguage\":\"de\"},{\"@type\":\"Organization\",\"@id\":\"https:\\\/\\\/biehl-gruppe.de\\\/#organization\",\"name\":\"Biehl-Gruppe\",\"url\":\"https:\\\/\\\/biehl-gruppe.de\\\/\",\"logo\":{\"@type\":\"ImageObject\",\"inLanguage\":\"de\",\"@id\":\"https:\\\/\\\/biehl-gruppe.de\\\/#\\\/schema\\\/logo\\\/image\\\/\",\"url\":\"https:\\\/\\\/biehl-gruppe.de\\\/wp-content\\\/uploads\\\/2019\\\/08\\\/logo_gruppe_big.png\",\"contentUrl\":\"https:\\\/\\\/biehl-gruppe.de\\\/wp-content\\\/uploads\\\/2019\\\/08\\\/logo_gruppe_big.png\",\"width\":400,\"height\":58,\"caption\":\"Biehl-Gruppe\"},\"image\":{\"@id\":\"https:\\\/\\\/biehl-gruppe.de\\\/#\\\/schema\\\/logo\\\/image\\\/\"}}]}<\/script>\n<!-- \/ Yoast SEO plugin. -->","yoast_head_json":{"title":"Wohnen in M\u00fcnchen GmbH - Biehl Gruppe","robots":{"index":"index","follow":"follow","max-snippet":"max-snippet:-1","max-image-preview":"max-image-preview:large","max-video-preview":"max-video-preview:-1"},"canonical":"https:\/\/biehl-gruppe.de\/index.php\/wohnen-in-muenchen-gmbh-2\/","og_locale":"de_DE","og_type":"article","og_title":"Wohnen in M\u00fcnchen GmbH - Biehl Gruppe","og_url":"https:\/\/biehl-gruppe.de\/index.php\/wohnen-in-muenchen-gmbh-2\/","og_site_name":"Biehl Gruppe","article_modified_time":"2020-08-17T15:26:11+00:00","twitter_card":"summary_large_image","twitter_misc":{"Gesch\u00e4tzte Lesezeit":"11\u00a0Minuten"},"schema":{"@context":"https:\/\/schema.org","@graph":[{"@type":"WebPage","@id":"https:\/\/biehl-gruppe.de\/index.php\/wohnen-in-muenchen-gmbh-2\/","url":"https:\/\/biehl-gruppe.de\/index.php\/wohnen-in-muenchen-gmbh-2\/","name":"Wohnen in M\u00fcnchen GmbH - Biehl Gruppe","isPartOf":{"@id":"https:\/\/biehl-gruppe.de\/#website"},"datePublished":"2020-07-21T16:35:32+00:00","dateModified":"2020-08-17T15:26:11+00:00","breadcrumb":{"@id":"https:\/\/biehl-gruppe.de\/index.php\/wohnen-in-muenchen-gmbh-2\/#breadcrumb"},"inLanguage":"de","potentialAction":[{"@type":"ReadAction","target":["https:\/\/biehl-gruppe.de\/index.php\/wohnen-in-muenchen-gmbh-2\/"]}]},{"@type":"BreadcrumbList","@id":"https:\/\/biehl-gruppe.de\/index.php\/wohnen-in-muenchen-gmbh-2\/#breadcrumb","itemListElement":[{"@type":"ListItem","position":1,"name":"Home","item":"https:\/\/biehl-gruppe.de\/"},{"@type":"ListItem","position":2,"name":"Wohnen in M\u00fcnchen GmbH"}]},{"@type":"WebSite","@id":"https:\/\/biehl-gruppe.de\/#website","url":"https:\/\/biehl-gruppe.de\/","name":"Biehl Gruppe","description":"Immobilienverwaltung","publisher":{"@id":"https:\/\/biehl-gruppe.de\/#organization"},"potentialAction":[{"@type":"SearchAction","target":{"@type":"EntryPoint","urlTemplate":"https:\/\/biehl-gruppe.de\/?s={search_term_string}"},"query-input":{"@type":"PropertyValueSpecification","valueRequired":true,"valueName":"search_term_string"}}],"inLanguage":"de"},{"@type":"Organization","@id":"https:\/\/biehl-gruppe.de\/#organization","name":"Biehl-Gruppe","url":"https:\/\/biehl-gruppe.de\/","logo":{"@type":"ImageObject","inLanguage":"de","@id":"https:\/\/biehl-gruppe.de\/#\/schema\/logo\/image\/","url":"https:\/\/biehl-gruppe.de\/wp-content\/uploads\/2019\/08\/logo_gruppe_big.png","contentUrl":"https:\/\/biehl-gruppe.de\/wp-content\/uploads\/2019\/08\/logo_gruppe_big.png","width":400,"height":58,"caption":"Biehl-Gruppe"},"image":{"@id":"https:\/\/biehl-gruppe.de\/#\/schema\/logo\/image\/"}}]}},"_links":{"self":[{"href":"https:\/\/biehl-gruppe.de\/index.php\/wp-json\/wp\/v2\/pages\/1516","targetHints":{"allow":["GET"]}}],"collection":[{"href":"https:\/\/biehl-gruppe.de\/index.php\/wp-json\/wp\/v2\/pages"}],"about":[{"href":"https:\/\/biehl-gruppe.de\/index.php\/wp-json\/wp\/v2\/types\/page"}],"author":[{"embeddable":true,"href":"https:\/\/biehl-gruppe.de\/index.php\/wp-json\/wp\/v2\/users\/1"}],"replies":[{"embeddable":true,"href":"https:\/\/biehl-gruppe.de\/index.php\/wp-json\/wp\/v2\/comments?post=1516"}],"version-history":[{"count":0,"href":"https:\/\/biehl-gruppe.de\/index.php\/wp-json\/wp\/v2\/pages\/1516\/revisions"}],"wp:attachment":[{"href":"https:\/\/biehl-gruppe.de\/index.php\/wp-json\/wp\/v2\/media?parent=1516"}],"curies":[{"name":"wp","href":"https:\/\/api.w.org\/{rel}","templated":true}]}}